{"id":507,"date":"2018-03-26T14:27:46","date_gmt":"2018-03-26T19:27:46","guid":{"rendered":"http:\/\/auditcpa.co\/?page_id=507"},"modified":"2022-02-23T14:39:40","modified_gmt":"2022-02-23T19:39:40","slug":"productos-y-servicios-2","status":"publish","type":"page","link":"https:\/\/auditcpa.co\/index.php\/productos-y-servicios-2\/","title":{"rendered":"Productos y Servicios"},"content":{"rendered":"\t\t<div data-elementor-type=\"wp-page\" data-elementor-id=\"507\" class=\"elementor elementor-507\">\n\t\t\t\t\t\t<section class=\"elementor-section elementor-top-section elementor-element elementor-element-6b0b7f98 elementor-section-boxed elementor-section-height-default elementor-section-height-default\" data-id=\"6b0b7f98\" data-element_type=\"section\">\n\t\t\t\t\t\t<div class=\"elementor-container elementor-column-gap-default\">\n\t\t\t\t\t<div class=\"elementor-column elementor-col-100 elementor-top-column elementor-element elementor-element-375d4987\" data-id=\"375d4987\" data-element_type=\"column\">\n\t\t\t<div class=\"elementor-widget-wrap elementor-element-populated\">\n\t\t\t\t\t\t<div class=\"elementor-element elementor-element-3998c3d9 elementor-widget elementor-widget-text-editor\" data-id=\"3998c3d9\" data-element_type=\"widget\" data-widget_type=\"text-editor.default\">\n\t\t\t\t<div class=\"elementor-widget-container\">\n\t\t\t<style>\/*! elementor - v3.23.0 - 05-08-2024 *\/\n.elementor-widget-text-editor.elementor-drop-cap-view-stacked .elementor-drop-cap{background-color:#69727d;color:#fff}.elementor-widget-text-editor.elementor-drop-cap-view-framed .elementor-drop-cap{color:#69727d;border:3px solid;background-color:transparent}.elementor-widget-text-editor:not(.elementor-drop-cap-view-default) .elementor-drop-cap{margin-top:8px}.elementor-widget-text-editor:not(.elementor-drop-cap-view-default) .elementor-drop-cap-letter{width:1em;height:1em}.elementor-widget-text-editor .elementor-drop-cap{float:left;text-align:center;line-height:1;font-size:50px}.elementor-widget-text-editor .elementor-drop-cap-letter{display:inline-block}<\/style>\t\t\t\t<h1><b>INFRAESTRUCTURA DE LLAVE P\u00daBLICA &#8220;<\/b><b>PKI&#8221;<\/b><\/h1>\n<p>Nuestro servicios est\u00e1n centrados en aseguramiento de Infraestructura de llave p\u00fablica &#8211; PKI.<\/p>\n<h1><strong>DISPOSITIVOS CRIPTOGRAFICOS<\/strong><\/h1>\n<ul>\n<li>Suministramos equipos criptogr\u00e1ficos HSM certificados Fips 140-2 level 3 o superior.<\/li>\n<\/ul>\n<h1><strong>ASEGURAMIENTO<\/strong><\/h1>\n<ul>\n<li>An\u00e1lisis GAP<\/li>\n<li>Auditor\u00eda Interna<\/li>\n<li>Auditor\u00eda WebTrust CA. Auditor\u00eda internacional que da el reconocimiento de confianza en Internet a la Entidad Certificadora.<\/li>\n<li>Auditor\u00eda de 3\u00aa. Parte para firma Digital, Ley 527 de 1999, Decreto 333 de 2014, CEA.4-1.10.<\/li>\n<li>Auditor\u00eda Independiente para firma electr\u00f3nica, Ley 527 de 1999, Decreto 2364 de 2012.<\/li>\n<li>Auditor\u00edas internes en Sistemas de gesti\u00f3n integrados SGI, evaluamos el cumplimiento de las normas: ISO 9001 para calidad, ISO\/IEC 27001 para seguridad de la informaci\u00f3n, ISO\/IEC 31000 para gesti\u00f3n de riesgos.<\/li>\n<li>Auditor\u00eda Ethical Hacking.<\/li>\n<li>Auditor\u00eda SOC-CMM: AUDITCPA atiende las necesidades del mercado en relaci\u00f3n con evaluaci\u00f3n independiente de la calidad del servicio SOC,\u00a0 realiza auditor\u00eda bajo el modelo de madurez \u201cSOC-CMM\u201d que abarca la revisi\u00f3n de: negocios, personas, procesos, tecnolog\u00eda y servicios.<\/li>\n<\/ul>\n<h2><strong>CAPACITACI\u00d3N<\/strong><\/h2>\n<h2><strong>CEREMONIA DE LLAVES<\/strong><\/h2>\n<p><!-- wp:paragraph --><\/p>\n<p><!-- \/wp:paragraph --><\/p>\t\t\t\t\t\t<\/div>\n\t\t\t\t<\/div>\n\t\t\t\t\t<\/div>\n\t\t<\/div>\n\t\t\t\t\t<\/div>\n\t\t<\/section>\n\t\t\t\t<\/div>\n\t\t","protected":false},"excerpt":{"rendered":"<p>INFRAESTRUCTURA DE LLAVE P\u00daBLICA &#8220;PKI&#8221; Nuestro servicios est\u00e1n centrados en aseguramiento de Infraestructura de llave p\u00fablica &#8211; PKI. DISPOSITIVOS CRIPTOGRAFICOS Suministramos equipos criptogr\u00e1ficos HSM certificados Fips 140-2 level 3 o superior. ASEGURAMIENTO An\u00e1lisis<\/p>\n<p><a class=\"more-link\" href=\"https:\/\/auditcpa.co\/index.php\/productos-y-servicios-2\/\">Leer m\u00e1s<\/a><\/p>\n","protected":false},"author":1,"featured_media":0,"parent":0,"menu_order":0,"comment_status":"closed","ping_status":"closed","template":"","meta":[],"_links":{"self":[{"href":"https:\/\/auditcpa.co\/index.php\/wp-json\/wp\/v2\/pages\/507"}],"collection":[{"href":"https:\/\/auditcpa.co\/index.php\/wp-json\/wp\/v2\/pages"}],"about":[{"href":"https:\/\/auditcpa.co\/index.php\/wp-json\/wp\/v2\/types\/page"}],"author":[{"embeddable":true,"href":"https:\/\/auditcpa.co\/index.php\/wp-json\/wp\/v2\/users\/1"}],"replies":[{"embeddable":true,"href":"https:\/\/auditcpa.co\/index.php\/wp-json\/wp\/v2\/comments?post=507"}],"version-history":[{"count":19,"href":"https:\/\/auditcpa.co\/index.php\/wp-json\/wp\/v2\/pages\/507\/revisions"}],"predecessor-version":[{"id":875,"href":"https:\/\/auditcpa.co\/index.php\/wp-json\/wp\/v2\/pages\/507\/revisions\/875"}],"wp:attachment":[{"href":"https:\/\/auditcpa.co\/index.php\/wp-json\/wp\/v2\/media?parent=507"}],"curies":[{"name":"wp","href":"https:\/\/api.w.org\/{rel}","templated":true}]}}