{"id":54,"date":"2017-01-23T11:34:36","date_gmt":"2017-01-23T16:34:36","guid":{"rendered":"http:\/\/auditcpa.co\/?page_id=54"},"modified":"2022-02-14T11:03:47","modified_gmt":"2022-02-14T16:03:47","slug":"acerca-de","status":"publish","type":"page","link":"https:\/\/auditcpa.co\/index.php\/acerca-de\/","title":{"rendered":"Acerca de AUDIT CPA"},"content":{"rendered":"\t\t<div data-elementor-type=\"wp-page\" data-elementor-id=\"54\" class=\"elementor elementor-54\">\n\t\t\t\t\t\t<section class=\"elementor-section elementor-top-section elementor-element elementor-element-3217e2c1 elementor-section-boxed elementor-section-height-default elementor-section-height-default\" data-id=\"3217e2c1\" data-element_type=\"section\">\n\t\t\t\t\t\t<div class=\"elementor-container elementor-column-gap-default\">\n\t\t\t\t\t<div class=\"elementor-column elementor-col-100 elementor-top-column elementor-element elementor-element-7cb36714\" data-id=\"7cb36714\" data-element_type=\"column\">\n\t\t\t<div class=\"elementor-widget-wrap elementor-element-populated\">\n\t\t\t\t\t\t<div class=\"elementor-element elementor-element-5b19df56 elementor-widget elementor-widget-text-editor\" data-id=\"5b19df56\" data-element_type=\"widget\" data-widget_type=\"text-editor.default\">\n\t\t\t\t<div class=\"elementor-widget-container\">\n\t\t\t<style>\/*! elementor - v3.23.0 - 05-08-2024 *\/\n.elementor-widget-text-editor.elementor-drop-cap-view-stacked .elementor-drop-cap{background-color:#69727d;color:#fff}.elementor-widget-text-editor.elementor-drop-cap-view-framed .elementor-drop-cap{color:#69727d;border:3px solid;background-color:transparent}.elementor-widget-text-editor:not(.elementor-drop-cap-view-default) .elementor-drop-cap{margin-top:8px}.elementor-widget-text-editor:not(.elementor-drop-cap-view-default) .elementor-drop-cap-letter{width:1em;height:1em}.elementor-widget-text-editor .elementor-drop-cap{float:left;text-align:center;line-height:1;font-size:50px}.elementor-widget-text-editor .elementor-drop-cap-letter{display:inline-block}<\/style>\t\t\t\t<p><img fetchpriority=\"high\" decoding=\"async\" class=\"aligncenter size-full wp-image-607\" src=\"http:\/\/auditcpa.co\/wp-content\/uploads\/2020\/04\/Quienes-somos-AUDIT-CA.png\" alt=\"\" width=\"850\" height=\"302\" srcset=\"https:\/\/auditcpa.co\/wp-content\/uploads\/2020\/04\/Quienes-somos-AUDIT-CA.png 850w, https:\/\/auditcpa.co\/wp-content\/uploads\/2020\/04\/Quienes-somos-AUDIT-CA-300x107.png 300w, https:\/\/auditcpa.co\/wp-content\/uploads\/2020\/04\/Quienes-somos-AUDIT-CA-768x273.png 768w, https:\/\/auditcpa.co\/wp-content\/uploads\/2020\/04\/Quienes-somos-AUDIT-CA-800x284.png 800w\" sizes=\"(max-width: 850px) 100vw, 850px\" \/><\/p><h3 style=\"text-align: left;\"><strong>AUDIT CPA<\/strong>, fundada en 2016, es un equipo de profesionales con m\u00e1s de 20 a\u00f1os de experiencia en el mercado PKI nacional e internacional, que centra sus servicios, esfuerzos, conocimientos y \u201cexperticia\u201d en el apoyo a los gobiernos, entidades p\u00fablicas y privadas, mediante la revisi\u00f3n de cumplimiento de leyes locales y est\u00e1ndares internacionales; en el suministro de hardware y software para la Infraestructura de llave p\u00fablica &#8211; PKI con el fin de tener fuerza probatoria.<\/h3><h3><strong>AUDIT CPA<\/strong>, fundamenta su actuar en los principios de imparcialidad e independencia y otros requisitos \u00e9ticos del C\u00f3digo de \u00c9tica para Contadores Profesionales de la Federaci\u00f3n Internacional de Contadores (IFAC), el C\u00f3digo de \u00e9tica de la Junta Central de Contadores en concordancia del Art\u00edculo 1.2.1.6. C\u00f3digo de \u00e9tica, contenido en anexo 4 del presente Decreto 2420 de 2015, en consonancia con el Cap\u00edtulo Cuarto, T\u00edtulo Primero la Ley 43 1990.<\/h3><h3><strong>AUDIT CPA<\/strong>, Administra su calidad en concordancia con las Normas Internacionales de Control de Calidad 1 e ISO 9001.<\/h3><h3><strong>AUDIT CPA, sus auditores y contadores, se encuentran en el catalogo autorizado\u00a0 WEBTRUST PRACTITIONER<\/strong>:<br \/><a href=\"http:\/\/www.webtrust.org\/licensed-webtrust-practitioners-international\/item64419.aspx\" target=\"_blank\" rel=\"noopener noreferrer\" data-saferedirecturl=\"https:\/\/www.google.com\/url?hl=es&amp;q=http:\/\/www.webtrust.org\/licensed-webtrust-practitioners-international\/item64419.aspx&amp;source=gmail&amp;ust=1522174342310000&amp;usg=AFQjCNFcqzAAopz6IIXCzwAJkCAAxDLAJw\"><span style=\"color: #000080;\">http:\/\/www.<wbr \/>webtrust.org\/licensed-<wbr \/>webtrust-practitioners-<wbr \/>international\/item64419.aspx<\/span><\/a><\/h3><div>\u00a0<\/div><div>\u00a0<\/div>\t\t\t\t\t\t<\/div>\n\t\t\t\t<\/div>\n\t\t\t\t\t<\/div>\n\t\t<\/div>\n\t\t\t\t\t<\/div>\n\t\t<\/section>\n\t\t\t\t<\/div>\n\t\t","protected":false},"excerpt":{"rendered":"<p>AUDIT CPA, fundada en 2016, es un equipo de profesionales con m\u00e1s de 20 a\u00f1os de experiencia en el mercado PKI nacional e internacional, que centra sus servicios, esfuerzos, conocimientos y \u201cexperticia\u201d en<\/p>\n<p><a class=\"more-link\" href=\"https:\/\/auditcpa.co\/index.php\/acerca-de\/\">Leer m\u00e1s<\/a><\/p>\n","protected":false},"author":1,"featured_media":0,"parent":0,"menu_order":0,"comment_status":"closed","ping_status":"closed","template":"","meta":[],"_links":{"self":[{"href":"https:\/\/auditcpa.co\/index.php\/wp-json\/wp\/v2\/pages\/54"}],"collection":[{"href":"https:\/\/auditcpa.co\/index.php\/wp-json\/wp\/v2\/pages"}],"about":[{"href":"https:\/\/auditcpa.co\/index.php\/wp-json\/wp\/v2\/types\/page"}],"author":[{"embeddable":true,"href":"https:\/\/auditcpa.co\/index.php\/wp-json\/wp\/v2\/users\/1"}],"replies":[{"embeddable":true,"href":"https:\/\/auditcpa.co\/index.php\/wp-json\/wp\/v2\/comments?post=54"}],"version-history":[{"count":27,"href":"https:\/\/auditcpa.co\/index.php\/wp-json\/wp\/v2\/pages\/54\/revisions"}],"predecessor-version":[{"id":805,"href":"https:\/\/auditcpa.co\/index.php\/wp-json\/wp\/v2\/pages\/54\/revisions\/805"}],"wp:attachment":[{"href":"https:\/\/auditcpa.co\/index.php\/wp-json\/wp\/v2\/media?parent=54"}],"curies":[{"name":"wp","href":"https:\/\/api.w.org\/{rel}","templated":true}]}}