{"id":729,"date":"2022-02-11T15:42:06","date_gmt":"2022-02-11T20:42:06","guid":{"rendered":"https:\/\/auditcpa.co\/?page_id=729"},"modified":"2022-02-14T11:24:17","modified_gmt":"2022-02-14T16:24:17","slug":"home","status":"publish","type":"page","link":"https:\/\/auditcpa.co\/","title":{"rendered":"Home"},"content":{"rendered":"\t\t<div data-elementor-type=\"wp-page\" data-elementor-id=\"729\" class=\"elementor elementor-729\">\n\t\t\t\t\t\t<section class=\"elementor-section elementor-top-section elementor-element elementor-element-f424e87 elementor-section-boxed elementor-section-height-default elementor-section-height-default\" data-id=\"f424e87\" data-element_type=\"section\">\n\t\t\t\t\t\t<div class=\"elementor-container elementor-column-gap-default\">\n\t\t\t\t\t<div class=\"elementor-column elementor-col-100 elementor-top-column elementor-element elementor-element-45a7be8\" data-id=\"45a7be8\" data-element_type=\"column\">\n\t\t\t<div class=\"elementor-widget-wrap elementor-element-populated\">\n\t\t\t\t\t\t<div class=\"elementor-element elementor-element-8df6e73 elementor-widget elementor-widget-heading\" data-id=\"8df6e73\" data-element_type=\"widget\" data-widget_type=\"heading.default\">\n\t\t\t\t<div class=\"elementor-widget-container\">\n\t\t\t<style>\/*! elementor - v3.23.0 - 05-08-2024 *\/\n.elementor-heading-title{padding:0;margin:0;line-height:1}.elementor-widget-heading .elementor-heading-title[class*=elementor-size-]>a{color:inherit;font-size:inherit;line-height:inherit}.elementor-widget-heading .elementor-heading-title.elementor-size-small{font-size:15px}.elementor-widget-heading .elementor-heading-title.elementor-size-medium{font-size:19px}.elementor-widget-heading .elementor-heading-title.elementor-size-large{font-size:29px}.elementor-widget-heading .elementor-heading-title.elementor-size-xl{font-size:39px}.elementor-widget-heading .elementor-heading-title.elementor-size-xxl{font-size:59px}<\/style><h2 class=\"elementor-heading-title elementor-size-large\">\u00bfQu\u00e9 es una PKI, y por qu\u00e9 la necesitan las empresas?<\/h2>\t\t<\/div>\n\t\t\t\t<\/div>\n\t\t\t\t\t<\/div>\n\t\t<\/div>\n\t\t\t\t\t<\/div>\n\t\t<\/section>\n\t\t\t\t<section class=\"elementor-section elementor-top-section elementor-element elementor-element-dda4feb elementor-section-boxed elementor-section-height-default elementor-section-height-default\" data-id=\"dda4feb\" data-element_type=\"section\">\n\t\t\t\t\t\t<div class=\"elementor-container elementor-column-gap-default\">\n\t\t\t\t\t<div class=\"elementor-column elementor-col-100 elementor-top-column elementor-element elementor-element-eab75a1\" data-id=\"eab75a1\" data-element_type=\"column\">\n\t\t\t<div class=\"elementor-widget-wrap elementor-element-populated\">\n\t\t\t\t\t\t<div class=\"elementor-element elementor-element-f639ab9 elementor-widget elementor-widget-image\" data-id=\"f639ab9\" data-element_type=\"widget\" data-widget_type=\"image.default\">\n\t\t\t\t<div class=\"elementor-widget-container\">\n\t\t\t<style>\/*! elementor - v3.23.0 - 05-08-2024 *\/\n.elementor-widget-image{text-align:center}.elementor-widget-image a{display:inline-block}.elementor-widget-image a img[src$=\".svg\"]{width:48px}.elementor-widget-image img{vertical-align:middle;display:inline-block}<\/style>\t\t\t\t\t\t\t\t\t\t<img fetchpriority=\"high\" decoding=\"async\" width=\"820\" height=\"331\" src=\"https:\/\/auditcpa.co\/wp-content\/uploads\/2017\/01\/kjasas.png\" class=\"attachment-large size-large wp-image-286\" alt=\"\" srcset=\"https:\/\/auditcpa.co\/wp-content\/uploads\/2017\/01\/kjasas.png 820w, https:\/\/auditcpa.co\/wp-content\/uploads\/2017\/01\/kjasas-300x121.png 300w, https:\/\/auditcpa.co\/wp-content\/uploads\/2017\/01\/kjasas-768x310.png 768w, https:\/\/auditcpa.co\/wp-content\/uploads\/2017\/01\/kjasas-800x323.png 800w\" sizes=\"(max-width: 820px) 100vw, 820px\" \/>\t\t\t\t\t\t\t\t\t\t\t\t\t<\/div>\n\t\t\t\t<\/div>\n\t\t\t\t\t<\/div>\n\t\t<\/div>\n\t\t\t\t\t<\/div>\n\t\t<\/section>\n\t\t\t\t<section class=\"elementor-section elementor-top-section elementor-element elementor-element-09caf0c elementor-section-boxed elementor-section-height-default elementor-section-height-default\" data-id=\"09caf0c\" data-element_type=\"section\">\n\t\t\t\t\t\t<div class=\"elementor-container elementor-column-gap-default\">\n\t\t\t\t\t<div class=\"elementor-column elementor-col-100 elementor-top-column elementor-element elementor-element-4b2903b\" data-id=\"4b2903b\" data-element_type=\"column\">\n\t\t\t<div class=\"elementor-widget-wrap elementor-element-populated\">\n\t\t\t\t\t\t<div class=\"elementor-element elementor-element-84e6102 elementor-widget elementor-widget-text-editor\" data-id=\"84e6102\" data-element_type=\"widget\" data-widget_type=\"text-editor.default\">\n\t\t\t\t<div class=\"elementor-widget-container\">\n\t\t\t<style>\/*! elementor - v3.23.0 - 05-08-2024 *\/\n.elementor-widget-text-editor.elementor-drop-cap-view-stacked .elementor-drop-cap{background-color:#69727d;color:#fff}.elementor-widget-text-editor.elementor-drop-cap-view-framed .elementor-drop-cap{color:#69727d;border:3px solid;background-color:transparent}.elementor-widget-text-editor:not(.elementor-drop-cap-view-default) .elementor-drop-cap{margin-top:8px}.elementor-widget-text-editor:not(.elementor-drop-cap-view-default) .elementor-drop-cap-letter{width:1em;height:1em}.elementor-widget-text-editor .elementor-drop-cap{float:left;text-align:center;line-height:1;font-size:50px}.elementor-widget-text-editor .elementor-drop-cap-letter{display:inline-block}<\/style>\t\t\t\t<h2><strong>Public Key Infrastructure <\/strong>(Infraestructura de Clave P\u00fablica), es una estructura compuesta por Hardware, Software, Procesos, Gobierno de TI y Recursos Humanos integrados para ofrecer comunicaciones seguras mediante el uso de certificados y firmas digitales. (<a href=\"https:\/\/auditcpa.co\/index.php\/2016\/09\/20\/que-es-pki\/\">ver m\u00e1s<\/a>)<\/h2>\t\t\t\t\t\t<\/div>\n\t\t\t\t<\/div>\n\t\t\t\t\t<\/div>\n\t\t<\/div>\n\t\t\t\t\t<\/div>\n\t\t<\/section>\n\t\t\t\t<\/div>\n\t\t","protected":false},"excerpt":{"rendered":"<p>\u00bfQu\u00e9 es una PKI, y por qu\u00e9 la necesitan las empresas? Public Key Infrastructure (Infraestructura de Clave P\u00fablica), es una estructura compuesta por Hardware, Software, Procesos, Gobierno de TI y Recursos Humanos integrados<\/p>\n<p><a class=\"more-link\" href=\"https:\/\/auditcpa.co\/\">Leer m\u00e1s<\/a><\/p>\n","protected":false},"author":1,"featured_media":0,"parent":0,"menu_order":0,"comment_status":"closed","ping_status":"closed","template":"","meta":[],"_links":{"self":[{"href":"https:\/\/auditcpa.co\/index.php\/wp-json\/wp\/v2\/pages\/729"}],"collection":[{"href":"https:\/\/auditcpa.co\/index.php\/wp-json\/wp\/v2\/pages"}],"about":[{"href":"https:\/\/auditcpa.co\/index.php\/wp-json\/wp\/v2\/types\/page"}],"author":[{"embeddable":true,"href":"https:\/\/auditcpa.co\/index.php\/wp-json\/wp\/v2\/users\/1"}],"replies":[{"embeddable":true,"href":"https:\/\/auditcpa.co\/index.php\/wp-json\/wp\/v2\/comments?post=729"}],"version-history":[{"count":13,"href":"https:\/\/auditcpa.co\/index.php\/wp-json\/wp\/v2\/pages\/729\/revisions"}],"predecessor-version":[{"id":822,"href":"https:\/\/auditcpa.co\/index.php\/wp-json\/wp\/v2\/pages\/729\/revisions\/822"}],"wp:attachment":[{"href":"https:\/\/auditcpa.co\/index.php\/wp-json\/wp\/v2\/media?parent=729"}],"curies":[{"name":"wp","href":"https:\/\/api.w.org\/{rel}","templated":true}]}}